{"id":453,"date":"2021-08-06T06:02:13","date_gmt":"2021-08-06T06:02:13","guid":{"rendered":"https:\/\/smartdata.tonytemplates.com\/cleaning-service-v3\/?page_id=453"},"modified":"2026-02-23T18:36:16","modified_gmt":"2026-02-23T17:36:16","slug":"kontakty","status":"publish","type":"page","link":"https:\/\/aj-sluzby.cz\/?page_id=453","title":{"rendered":"Kontakty"},"content":{"rendered":"\t\t<div data-elementor-type=\"wp-page\" data-elementor-id=\"453\" class=\"elementor elementor-453\">\n\t\t\t\t\t\t<section class=\"elementor-section elementor-top-section elementor-element elementor-element-85f924c elementor-section-full_width elementor-section-height-default elementor-section-height-default\" data-id=\"85f924c\" data-element_type=\"section\" data-e-type=\"section\">\n\t\t\t\t\t\t<div class=\"elementor-container elementor-column-gap-no\">\n\t\t\t\t\t<div class=\"elementor-column elementor-col-100 elementor-top-column elementor-element elementor-element-f9ab188\" data-id=\"f9ab188\" data-element_type=\"column\" data-e-type=\"column\">\n\t\t\t<div class=\"elementor-widget-wrap elementor-element-populated\">\n\t\t\t\t\t\t<div class=\"elementor-element elementor-element-4b9a666 elementor-widget elementor-widget-text-editor\" data-id=\"4b9a666\" data-element_type=\"widget\" data-e-type=\"widget\" data-widget_type=\"text-editor.default\">\n\t\t\t\t\t\t\t\t\t<h1 class=\"text-center h-decor\">Kontaktn\u00ed \u00fadaje<\/h1>\t\t\t\t\t\t\t\t<\/div>\n\t\t\t\t\t<\/div>\n\t\t<\/div>\n\t\t\t\t\t<\/div>\n\t\t<\/section>\n\t\t\t\t<section class=\"elementor-section elementor-top-section elementor-element elementor-element-15231a7 elementor-section-full_width elementor-section-height-default elementor-section-height-default\" data-id=\"15231a7\" data-element_type=\"section\" data-e-type=\"section\">\n\t\t\t\t\t\t<div class=\"elementor-container elementor-column-gap-default\">\n\t\t\t\t\t<div class=\"elementor-column elementor-col-100 elementor-top-column elementor-element elementor-element-1f862df\" data-id=\"1f862df\" data-element_type=\"column\" data-e-type=\"column\">\n\t\t\t<div class=\"elementor-widget-wrap elementor-element-populated\">\n\t\t\t\t\t\t<div class=\"elementor-element elementor-element-9273ba3 elementor-widget elementor-widget-html\" data-id=\"9273ba3\" data-element_type=\"widget\" data-e-type=\"widget\" data-widget_type=\"html.default\">\n\t\t\t\t\t<div style=\"overflow:hidden;max-width:100%;width:100%;height:446px;\"><div id=\"google-maps-display\" style=\"height:100%; width:100%;max-width:100%;\"><iframe style=\"height:100%;width:100%;border:0;\" frameborder=\"0\" src=\"https:\/\/www.google.com\/maps?q=U+Stadionu+959,+293+01+Mlad%C3%A1+Boleslav+II&output=embed\"><\/iframe><\/div><a class=\"googlecoder\" rel=\"nofollow\" href=\"https:\/\/www.bootstrapskins.com\/themes\" id=\"authorize-map-data\">premium bootstrap themes<\/a><style>#google-maps-display img.text-marker{max-width:none!important;background:none!important;}img{max-width:none}<\/style><\/div>\t\t\t\t<\/div>\n\t\t\t\t\t<\/div>\n\t\t<\/div>\n\t\t\t\t\t<\/div>\n\t\t<\/section>\n\t\t\t\t<section class=\"elementor-section elementor-top-section elementor-element elementor-element-f2b92a5 elementor-section-boxed elementor-section-height-default elementor-section-height-default\" data-id=\"f2b92a5\" data-element_type=\"section\" data-e-type=\"section\">\n\t\t\t\t\t\t<div class=\"elementor-container elementor-column-gap-no\">\n\t\t\t\t\t<div class=\"elementor-column elementor-col-50 elementor-top-column elementor-element elementor-element-0d402ae col-md-4\" data-id=\"0d402ae\" data-element_type=\"column\" data-e-type=\"column\">\n\t\t\t<div class=\"elementor-widget-wrap elementor-element-populated\">\n\t\t\t\t\t\t<div class=\"elementor-element elementor-element-61454b3 elementor-widget elementor-widget-cleaning_contact_info\" data-id=\"61454b3\" data-element_type=\"widget\" data-e-type=\"widget\" data-widget_type=\"cleaning_contact_info.default\">\n\t\t\t\t<div class=\"elementor-widget-container\">\n\t\t\t\t\t \r\r\n    <h2>Kontakty<\/h2>\r\r\n    <div id=\"cleaning_contact_box-1\" class=\"widget widget_cleaning_contact_box\">\r\r\n        <h4><\/h4>\r\r\n        <div class=\"col-md-12\">\r\r\n             \r\r\n                <div class=\"contact-info-sm\">\r\r\n                    <h5>Adresa<\/h5>\r\r\n                    <i aria-hidden=\"true\" class=\"icon  icon-location\"><\/i>U stadionu 959, Mlad\u00e1 Boleslav, 293 01\r\n                <\/div> \r\r\n                 \r\r\n                <div class=\"contact-info-sm\">\r\r\n                    <h5>Telefon<\/h5>\r\r\n                    <i aria-hidden=\"true\" class=\"icon  icon-phone-call\"><\/i>+420 776 857 598\r\n                <\/div> \r\r\n                 \r\r\n                <div class=\"contact-info-sm\">\r\r\n                    <h5>Email<\/h5>\r\r\n                    <i aria-hidden=\"true\" class=\"icon  icon-letter\"><\/i><a href=\"mailto:info@aj-sluzby.cz\">info@aj-sluzby.cz<\/a>\r\n                <\/div> \r\r\n                 \r\r\n                <div class=\"contact-info-sm\">\r\r\n                    <h5>Spisov\u00e1 zna\u010dka<\/h5>\r\r\n                    <i aria-hidden=\"true\" class=\"icon  icon-write\"><\/i>C 393492 veden\u00e1 u M\u011bstsk\u00e9ho soudu v Praze\r\n                <\/div> \r\r\n                \r\n            <div class=\"divider\"><\/div>\r\r\n            <h5><\/h5>\r\r\n            <ul class=\"social-list\">\r\r\n             \r\r\n                <li><a href=\"\"   >\r\r\n                \r\n                <\/a><\/li>\r\r\n                \r\n            <\/ul>\r\r\n        <\/div>\r\r\n    <\/div>\r\r\n\t\t\t\t<\/div>\n\t\t\t\t<\/div>\n\t\t\t\t\t<\/div>\n\t\t<\/div>\n\t\t\t\t<div class=\"elementor-column elementor-col-50 elementor-top-column elementor-element elementor-element-f3b9793 col-md-8\" data-id=\"f3b9793\" data-element_type=\"column\" data-e-type=\"column\">\n\t\t\t<div class=\"elementor-widget-wrap elementor-element-populated\">\n\t\t\t\t\t\t<div class=\"elementor-element elementor-element-3b2e788 elementor-widget elementor-widget-text-editor\" data-id=\"3b2e788\" data-element_type=\"widget\" data-e-type=\"widget\" data-widget_type=\"text-editor.default\">\n\t\t\t\t\t\t\t\t\t<h2 class=\"text-center h-lg h-decor\">Spojte se s n\u00e1mi<\/h2>\t\t\t\t\t\t\t\t<\/div>\n\t\t\t\t<div class=\"elementor-element elementor-element-9c7ac8f elementor-widget elementor-widget-shortcode\" data-id=\"9c7ac8f\" data-element_type=\"widget\" data-e-type=\"widget\" data-widget_type=\"shortcode.default\">\n\t\t\t\t\t\t\t<div class=\"elementor-shortcode\"><style id=\"wpforms-css-vars-1915\">\n\t\t\t\t#wpforms-1915 {\n\t\t\t\t--wpforms-container-padding: 0px;\n--wpforms-container-border-width: 1px;\n--wpforms-container-border-radius: 3px;\n--wpforms-background-color: rgba(0, 0, 0, 0);\n--wpforms-field-size-input-height: 43px;\n--wpforms-field-size-input-spacing: 15px;\n--wpforms-field-size-font-size: 16px;\n--wpforms-field-size-line-height: 19px;\n--wpforms-field-size-padding-h: 14px;\n--wpforms-field-size-checkbox-size: 16px;\n--wpforms-field-size-sublabel-spacing: 5px;\n--wpforms-field-size-icon-size: 1;\n--wpforms-label-size-font-size: 16px;\n--wpforms-label-size-line-height: 19px;\n--wpforms-label-size-sublabel-font-size: 14px;\n--wpforms-label-size-sublabel-line-height: 17px;\n--wpforms-button-size-font-size: 17px;\n--wpforms-button-size-height: 41px;\n--wpforms-button-size-padding-h: 15px;\n--wpforms-button-size-margin-top: 10px;\n--wpforms-container-shadow-size-box-shadow: none;\n\t\t\t}\n\t\t\t<\/style><div class=\"wpforms-container wpforms-container-full wpforms-render-modern\" id=\"wpforms-1915\"><form id=\"wpforms-form-1915\" class=\"wpforms-validate wpforms-form wpforms-ajax-form\" data-formid=\"1915\" method=\"post\" enctype=\"multipart\/form-data\" action=\"\/index.php?rest_route=%2Fwp%2Fv2%2Fpages%2F453\" data-token=\"4ef930b9c5fc8673138001cd493a711f\" data-token-time=\"1776512272\"><noscript class=\"wpforms-error-noscript\">Chcete-li vyplnit tento formul\u00e1\u0159, pros\u00edm povolte v prohl\u00ed\u017ee\u010di JavaScript.<\/noscript><div id=\"wpforms-error-noscript\" style=\"display: none;\">Chcete-li vyplnit tento formul\u00e1\u0159, pros\u00edm povolte v prohl\u00ed\u017ee\u010di JavaScript.<\/div><div class=\"wpforms-field-container\"><div id=\"wpforms-1915-field_1-container\" class=\"wpforms-field wpforms-field-name\" data-field-id=\"1\"><label class=\"wpforms-field-label\" for=\"wpforms-1915-field_1\">Va\u0161e jm\u00e9no <span class=\"wpforms-required-label\" aria-hidden=\"true\">*<\/span><\/label><input type=\"text\" id=\"wpforms-1915-field_1\" class=\"wpforms-field-medium wpforms-field-required\" name=\"wpforms[fields][1]\" aria-errormessage=\"wpforms-1915-field_1-error\" required><\/div><div id=\"wpforms-1915-field_2-container\" class=\"wpforms-field wpforms-field-email\" data-field-id=\"2\"><label class=\"wpforms-field-label\" for=\"wpforms-1915-field_2\">Email <span class=\"wpforms-required-label\" aria-hidden=\"true\">*<\/span><\/label><input type=\"email\" id=\"wpforms-1915-field_2\" class=\"wpforms-field-medium wpforms-field-required\" name=\"wpforms[fields][2]\" spellcheck=\"false\" aria-errormessage=\"wpforms-1915-field_2-error\" required><\/div>\t\t<div id=\"wpforms-1915-field_4-container\"\n\t\t\tclass=\"wpforms-field wpforms-field-text\"\n\t\t\tdata-field-type=\"text\"\n\t\t\tdata-field-id=\"4\"\n\t\t\t>\n\t\t\t<label class=\"wpforms-field-label\" for=\"wpforms-1915-field_4\" >Email Va\u0161e Va\u0161e<\/label>\n\t\t\t<input type=\"text\" id=\"wpforms-1915-field_4\" class=\"wpforms-field-medium\" name=\"wpforms[fields][4]\" >\n\t\t<\/div>\n\t\t<div id=\"wpforms-1915-field_3-container\" class=\"wpforms-field wpforms-field-textarea\" data-field-id=\"3\"><label class=\"wpforms-field-label\" for=\"wpforms-1915-field_3\">Va\u0161e zpr\u00e1va <span class=\"wpforms-required-label\" aria-hidden=\"true\">*<\/span><\/label><textarea id=\"wpforms-1915-field_3\" class=\"wpforms-field-medium wpforms-field-required\" name=\"wpforms[fields][3]\" aria-errormessage=\"wpforms-1915-field_3-error\" required><\/textarea><\/div><script>\n\t\t\t\t( function() {\n\t\t\t\t\tconst style = document.createElement( 'style' );\n\t\t\t\t\tstyle.appendChild( document.createTextNode( '#wpforms-1915-field_4-container { position: absolute !important; overflow: hidden !important; display: inline !important; height: 1px !important; width: 1px !important; z-index: -1000 !important; padding: 0 !important; } #wpforms-1915-field_4-container input { visibility: hidden; } #wpforms-conversational-form-page #wpforms-1915-field_4-container label { counter-increment: none; }' ) );\n\t\t\t\t\tdocument.head.appendChild( style );\n\t\t\t\t\tdocument.currentScript?.remove();\n\t\t\t\t} )();\n\t\t\t<\/script><\/div><!-- .wpforms-field-container --><div class=\"wpforms-recaptcha-container wpforms-is-recaptcha wpforms-is-recaptcha-type-v3\" ><input type=\"hidden\" name=\"wpforms[recaptcha]\" value=\"\"><\/div><div class=\"wpforms-submit-container\" ><input type=\"hidden\" name=\"wpforms[id]\" value=\"1915\"><input type=\"hidden\" name=\"page_title\" value=\"\"><input type=\"hidden\" name=\"page_url\" value=\"https:\/\/aj-sluzby.cz\/index.php?rest_route=\/wp\/v2\/pages\/453\"><input type=\"hidden\" name=\"url_referer\" value=\"\"><button type=\"submit\" name=\"wpforms[submit]\" id=\"wpforms-submit-1915\" class=\"wpforms-submit\" data-alt-text=\"Odes\u00edl\u00e1m\u2026\" data-submit-text=\"Odeslat\" aria-live=\"assertive\" value=\"wpforms-submit\">Odeslat<\/button><img decoding=\"async\" src=\"https:\/\/aj-sluzby.cz\/wp-content\/plugins\/wpforms-lite\/assets\/images\/submit-spin.svg\" class=\"wpforms-submit-spinner\" style=\"display: none;\" width=\"26\" height=\"26\" alt=\"Na\u010d\u00edt\u00e1n\u00ed\"><\/div><\/form><\/div>  <!-- .wpforms-container --><\/div>\n\t\t\t\t\t\t<\/div>\n\t\t\t\t\t<\/div>\n\t\t<\/div>\n\t\t\t\t\t<\/div>\n\t\t<\/section>\n\t\t\t\t<\/div>\n\t\t","protected":false},"excerpt":{"rendered":"<p>Kontaktn\u00ed \u00fadaje premium bootstrap themes Kontakty Adresa U stadionu 959, Mlad\u00e1 Boleslav, 293 01 Telefon +420 776 857 598 Email info@aj-sluzby.cz Spisov\u00e1 zna\u010dka C 393492 veden\u00e1 u M\u011bstsk\u00e9ho soudu v Praze Spojte se s n\u00e1mi<\/p>\n","protected":false},"author":1,"featured_media":0,"parent":0,"menu_order":0,"comment_status":"closed","ping_status":"closed","template":"elementor_header_footer","meta":{"footnotes":""},"class_list":["post-453","page","type-page","status-publish","hentry"],"yoast_head":"<!-- This site is optimized with the Yoast SEO plugin v27.0 - https:\/\/yoast.com\/product\/yoast-seo-wordpress\/ -->\n<title>Kontakty - AJ slu\u017eby, s.r.o.<\/title>\n<meta name=\"robots\" content=\"index, follow, max-snippet:-1, max-image-preview:large, max-video-preview:-1\" \/>\n<link rel=\"canonical\" href=\"https:\/\/aj-sluzby.cz\/?page_id=453\" \/>\n<meta property=\"og:locale\" content=\"cs_CZ\" \/>\n<meta property=\"og:type\" content=\"article\" \/>\n<meta property=\"og:title\" content=\"Kontakty - AJ slu\u017eby, s.r.o.\" \/>\n<meta property=\"og:description\" content=\"Kontaktn\u00ed \u00fadaje premium bootstrap themes Kontakty Adresa U stadionu 959, Mlad\u00e1 Boleslav, 293 01 Telefon +420 776 857 598 Email info@aj-sluzby.cz Spisov\u00e1 zna\u010dka C 393492 veden\u00e1 u M\u011bstsk\u00e9ho soudu v Praze Spojte se s n\u00e1mi\" \/>\n<meta property=\"og:url\" content=\"https:\/\/aj-sluzby.cz\/?page_id=453\" \/>\n<meta property=\"og:site_name\" content=\"AJ slu\u017eby, s.r.o.\" \/>\n<meta property=\"article:modified_time\" content=\"2026-02-23T17:36:16+00:00\" \/>\n<meta name=\"twitter:card\" content=\"summary_large_image\" \/>\n<meta name=\"twitter:label1\" content=\"Odhadovan\u00e1 doba \u010dten\u00ed\" \/>\n\t<meta name=\"twitter:data1\" content=\"1 minuta\" \/>\n<script type=\"application\/ld+json\" class=\"yoast-schema-graph\">{\"@context\":\"https:\/\/schema.org\",\"@graph\":[{\"@type\":\"WebPage\",\"@id\":\"https:\/\/aj-sluzby.cz\/?page_id=453\",\"url\":\"https:\/\/aj-sluzby.cz\/?page_id=453\",\"name\":\"Kontakty - AJ slu\u017eby, s.r.o.\",\"isPartOf\":{\"@id\":\"https:\/\/aj-sluzby.cz\/#website\"},\"datePublished\":\"2021-08-06T06:02:13+00:00\",\"dateModified\":\"2026-02-23T17:36:16+00:00\",\"breadcrumb\":{\"@id\":\"https:\/\/aj-sluzby.cz\/?page_id=453#breadcrumb\"},\"inLanguage\":\"cs\",\"potentialAction\":[{\"@type\":\"ReadAction\",\"target\":[\"https:\/\/aj-sluzby.cz\/?page_id=453\"]}]},{\"@type\":\"BreadcrumbList\",\"@id\":\"https:\/\/aj-sluzby.cz\/?page_id=453#breadcrumb\",\"itemListElement\":[{\"@type\":\"ListItem\",\"position\":1,\"name\":\"Home\",\"item\":\"https:\/\/aj-sluzby.cz\/\"},{\"@type\":\"ListItem\",\"position\":2,\"name\":\"Kontakty\"}]},{\"@type\":\"WebSite\",\"@id\":\"https:\/\/aj-sluzby.cz\/#website\",\"url\":\"https:\/\/aj-sluzby.cz\/\",\"name\":\"AJ slu\u017eby, s.r.o.\",\"description\":\"\u010cistota, na kterou se m\u016f\u017eete spolehnout.\",\"potentialAction\":[{\"@type\":\"SearchAction\",\"target\":{\"@type\":\"EntryPoint\",\"urlTemplate\":\"https:\/\/aj-sluzby.cz\/?s={search_term_string}\"},\"query-input\":{\"@type\":\"PropertyValueSpecification\",\"valueRequired\":true,\"valueName\":\"search_term_string\"}}],\"inLanguage\":\"cs\"}]}<\/script>\n<!-- \/ Yoast SEO plugin. -->","yoast_head_json":{"title":"Kontakty - AJ slu\u017eby, s.r.o.","robots":{"index":"index","follow":"follow","max-snippet":"max-snippet:-1","max-image-preview":"max-image-preview:large","max-video-preview":"max-video-preview:-1"},"canonical":"https:\/\/aj-sluzby.cz\/?page_id=453","og_locale":"cs_CZ","og_type":"article","og_title":"Kontakty - AJ slu\u017eby, s.r.o.","og_description":"Kontaktn\u00ed \u00fadaje premium bootstrap themes Kontakty Adresa U stadionu 959, Mlad\u00e1 Boleslav, 293 01 Telefon +420 776 857 598 Email info@aj-sluzby.cz Spisov\u00e1 zna\u010dka C 393492 veden\u00e1 u M\u011bstsk\u00e9ho soudu v Praze Spojte se s n\u00e1mi","og_url":"https:\/\/aj-sluzby.cz\/?page_id=453","og_site_name":"AJ slu\u017eby, s.r.o.","article_modified_time":"2026-02-23T17:36:16+00:00","twitter_card":"summary_large_image","twitter_misc":{"Odhadovan\u00e1 doba \u010dten\u00ed":"1 minuta"},"schema":{"@context":"https:\/\/schema.org","@graph":[{"@type":"WebPage","@id":"https:\/\/aj-sluzby.cz\/?page_id=453","url":"https:\/\/aj-sluzby.cz\/?page_id=453","name":"Kontakty - AJ slu\u017eby, s.r.o.","isPartOf":{"@id":"https:\/\/aj-sluzby.cz\/#website"},"datePublished":"2021-08-06T06:02:13+00:00","dateModified":"2026-02-23T17:36:16+00:00","breadcrumb":{"@id":"https:\/\/aj-sluzby.cz\/?page_id=453#breadcrumb"},"inLanguage":"cs","potentialAction":[{"@type":"ReadAction","target":["https:\/\/aj-sluzby.cz\/?page_id=453"]}]},{"@type":"BreadcrumbList","@id":"https:\/\/aj-sluzby.cz\/?page_id=453#breadcrumb","itemListElement":[{"@type":"ListItem","position":1,"name":"Home","item":"https:\/\/aj-sluzby.cz\/"},{"@type":"ListItem","position":2,"name":"Kontakty"}]},{"@type":"WebSite","@id":"https:\/\/aj-sluzby.cz\/#website","url":"https:\/\/aj-sluzby.cz\/","name":"AJ slu\u017eby, s.r.o.","description":"\u010cistota, na kterou se m\u016f\u017eete spolehnout.","potentialAction":[{"@type":"SearchAction","target":{"@type":"EntryPoint","urlTemplate":"https:\/\/aj-sluzby.cz\/?s={search_term_string}"},"query-input":{"@type":"PropertyValueSpecification","valueRequired":true,"valueName":"search_term_string"}}],"inLanguage":"cs"}]}},"_links":{"self":[{"href":"https:\/\/aj-sluzby.cz\/index.php?rest_route=\/wp\/v2\/pages\/453","targetHints":{"allow":["GET"]}}],"collection":[{"href":"https:\/\/aj-sluzby.cz\/index.php?rest_route=\/wp\/v2\/pages"}],"about":[{"href":"https:\/\/aj-sluzby.cz\/index.php?rest_route=\/wp\/v2\/types\/page"}],"author":[{"embeddable":true,"href":"https:\/\/aj-sluzby.cz\/index.php?rest_route=\/wp\/v2\/users\/1"}],"replies":[{"embeddable":true,"href":"https:\/\/aj-sluzby.cz\/index.php?rest_route=%2Fwp%2Fv2%2Fcomments&post=453"}],"version-history":[{"count":40,"href":"https:\/\/aj-sluzby.cz\/index.php?rest_route=\/wp\/v2\/pages\/453\/revisions"}],"predecessor-version":[{"id":1924,"href":"https:\/\/aj-sluzby.cz\/index.php?rest_route=\/wp\/v2\/pages\/453\/revisions\/1924"}],"wp:attachment":[{"href":"https:\/\/aj-sluzby.cz\/index.php?rest_route=%2Fwp%2Fv2%2Fmedia&parent=453"}],"curies":[{"name":"wp","href":"https:\/\/api.w.org\/{rel}","templated":true}]}}