{"id":344,"date":"2021-08-06T03:56:15","date_gmt":"2021-08-06T03:56:15","guid":{"rendered":"https:\/\/smartdata.tonytemplates.com\/cleaning-service-v3\/?page_id=344"},"modified":"2026-03-04T09:08:03","modified_gmt":"2026-03-04T08:08:03","slug":"sluzby","status":"publish","type":"page","link":"https:\/\/aj-sluzby.cz\/?page_id=344","title":{"rendered":"Na\u0161e slu\u017eby"},"content":{"rendered":"\t\t<div data-elementor-type=\"wp-page\" data-elementor-id=\"344\" class=\"elementor elementor-344\">\n\t\t\t\t\t\t<section class=\"elementor-section elementor-top-section elementor-element elementor-element-3fd53bc elementor-section-full_width elementor-section-height-default elementor-section-height-default\" data-id=\"3fd53bc\" data-element_type=\"section\" data-e-type=\"section\">\n\t\t\t\t\t\t<div class=\"elementor-container elementor-column-gap-no\">\n\t\t\t\t\t<div class=\"elementor-column elementor-col-100 elementor-top-column elementor-element elementor-element-31fe945\" data-id=\"31fe945\" data-element_type=\"column\" data-e-type=\"column\">\n\t\t\t<div class=\"elementor-widget-wrap elementor-element-populated\">\n\t\t\t\t\t\t<div class=\"elementor-element elementor-element-d54269b elementor-widget elementor-widget-cleaning_service_banner\" data-id=\"d54269b\" data-element_type=\"widget\" data-e-type=\"widget\" data-widget_type=\"cleaning_service_banner.default\">\n\t\t\t\t<div class=\"elementor-widget-container\">\n\t\t\t\t\t \r\r\n    <div class=\"block\">\r\r\n        <div class=\"container\">\r\r\n            \r\n\t\t\t\t<h1 class=\"text-center h-lg h-decor\">\r\r\n\t\t\t\t\tNa\u0161e slu\u017eby\r\n\t\t\t\t<\/h1>\r\r\n\t\t\t\r\n            <div class=\"text-center max-800\">\r\r\n                <p class=\"p-lg\">T\u00fdm AJ slu\u017eby tvo\u0159\u00ed zku\u0161en\u00ed a profesion\u00e1ln\u011b vy\u0161kolen\u00ed pracovn\u00edci, kte\u0159\u00ed poskytuj\u00ed kvalitn\u00ed a systematick\u00e9 \u00faklidov\u00e9 slu\u017eby pro firmy, instituce i komer\u010dn\u00ed objekty.<\/p>\r\r\n            <\/div>\r\r\n            \r\n            <div class=\"row services-grid style-2 services-mobile-carousel\">\r\r\n                \r\n                        <div class=\"col-xs-6 col-sm-4 col-md-4 service-box\">\r\r\n                            <img fetchpriority=\"high\" decoding=\"async\" width=\"1024\" height=\"1024\" src=\"https:\/\/aj-sluzby.cz\/wp-content\/uploads\/2026\/03\/service-img-1.jpg\" class=\"attachment-full size-full\" alt=\"\" srcset=\"https:\/\/aj-sluzby.cz\/wp-content\/uploads\/2026\/03\/service-img-1.jpg 1024w, https:\/\/aj-sluzby.cz\/wp-content\/uploads\/2026\/03\/service-img-1-300x300.jpg 300w, https:\/\/aj-sluzby.cz\/wp-content\/uploads\/2026\/03\/service-img-1-150x150.jpg 150w, https:\/\/aj-sluzby.cz\/wp-content\/uploads\/2026\/03\/service-img-1-768x768.jpg 768w, https:\/\/aj-sluzby.cz\/wp-content\/uploads\/2026\/03\/service-img-1-483x483.jpg 483w, https:\/\/aj-sluzby.cz\/wp-content\/uploads\/2026\/03\/service-img-1-309x309.jpg 309w, https:\/\/aj-sluzby.cz\/wp-content\/uploads\/2026\/03\/service-img-1-369x369.jpg 369w\" sizes=\"(max-width: 1024px) 100vw, 1024px\" \/>\r\n                            <h4 class=\"service-box-title\">\u00daklid kancel\u00e1\u0159\u00ed<\/h4>\r\r\n                            <div class=\"service-box-text\">Pravideln\u00fd i jednor\u00e1zov\u00fd \u00faklid administrativn\u00edch prostor, recepc\u00ed a zasedac\u00edch m\u00edstnost\u00ed.<\/div>\r\r\n                            \r\n                        <\/div>\r\r\n                    \r\n                        <div class=\"col-xs-6 col-sm-4 col-md-4 service-box\">\r\r\n                            <img decoding=\"async\" width=\"1024\" height=\"1024\" src=\"https:\/\/aj-sluzby.cz\/wp-content\/uploads\/2026\/03\/service-img-2.jpg\" class=\"attachment-full size-full\" alt=\"\" srcset=\"https:\/\/aj-sluzby.cz\/wp-content\/uploads\/2026\/03\/service-img-2.jpg 1024w, https:\/\/aj-sluzby.cz\/wp-content\/uploads\/2026\/03\/service-img-2-300x300.jpg 300w, https:\/\/aj-sluzby.cz\/wp-content\/uploads\/2026\/03\/service-img-2-150x150.jpg 150w, https:\/\/aj-sluzby.cz\/wp-content\/uploads\/2026\/03\/service-img-2-768x768.jpg 768w, https:\/\/aj-sluzby.cz\/wp-content\/uploads\/2026\/03\/service-img-2-483x483.jpg 483w, https:\/\/aj-sluzby.cz\/wp-content\/uploads\/2026\/03\/service-img-2-309x309.jpg 309w, https:\/\/aj-sluzby.cz\/wp-content\/uploads\/2026\/03\/service-img-2-369x369.jpg 369w\" sizes=\"(max-width: 1024px) 100vw, 1024px\" \/>\r\n                            <h4 class=\"service-box-title\">\u00daklid v\u00fdrobn\u00edch hal a pr\u016fmyslov\u00fdch objekt\u016f<\/h4>\r\r\n                            <div class=\"service-box-text\">Profesion\u00e1ln\u00ed \u010di\u0161t\u011bn\u00ed podlah, stroj\u016f a technologick\u00fdch ploch s d\u016frazem na bezpe\u010dnost provozu.<\/div>\r\r\n                            \r\n                        <\/div>\r\r\n                    \r\n                        <div class=\"col-xs-6 col-sm-4 col-md-4 service-box\">\r\r\n                            <img decoding=\"async\" width=\"1024\" height=\"1024\" src=\"https:\/\/aj-sluzby.cz\/wp-content\/uploads\/2026\/03\/service-img-3.jpg\" class=\"attachment-full size-full\" alt=\"\" srcset=\"https:\/\/aj-sluzby.cz\/wp-content\/uploads\/2026\/03\/service-img-3.jpg 1024w, https:\/\/aj-sluzby.cz\/wp-content\/uploads\/2026\/03\/service-img-3-300x300.jpg 300w, https:\/\/aj-sluzby.cz\/wp-content\/uploads\/2026\/03\/service-img-3-150x150.jpg 150w, https:\/\/aj-sluzby.cz\/wp-content\/uploads\/2026\/03\/service-img-3-768x768.jpg 768w, https:\/\/aj-sluzby.cz\/wp-content\/uploads\/2026\/03\/service-img-3-483x483.jpg 483w, https:\/\/aj-sluzby.cz\/wp-content\/uploads\/2026\/03\/service-img-3-309x309.jpg 309w, https:\/\/aj-sluzby.cz\/wp-content\/uploads\/2026\/03\/service-img-3-369x369.jpg 369w\" sizes=\"(max-width: 1024px) 100vw, 1024px\" \/>\r\n                            <h4 class=\"service-box-title\">\u00daklid obchodn\u00edch center<\/h4>\r\r\n                            <div class=\"service-box-text\">Komplexn\u00ed \u00fadr\u017eba spole\u010dn\u00fdch prostor, chodeb a sanit\u00e1rn\u00edch za\u0159\u00edzen\u00ed.<\/div>\r\r\n                            \r\n                        <\/div>\r\r\n                    \r\n                        <div class=\"col-xs-6 col-sm-4 col-md-4 service-box\">\r\r\n                            <img loading=\"lazy\" decoding=\"async\" width=\"1024\" height=\"1024\" src=\"https:\/\/aj-sluzby.cz\/wp-content\/uploads\/2026\/03\/service-img-4.jpg\" class=\"attachment-full size-full\" alt=\"\" srcset=\"https:\/\/aj-sluzby.cz\/wp-content\/uploads\/2026\/03\/service-img-4.jpg 1024w, https:\/\/aj-sluzby.cz\/wp-content\/uploads\/2026\/03\/service-img-4-300x300.jpg 300w, https:\/\/aj-sluzby.cz\/wp-content\/uploads\/2026\/03\/service-img-4-150x150.jpg 150w, https:\/\/aj-sluzby.cz\/wp-content\/uploads\/2026\/03\/service-img-4-768x768.jpg 768w, https:\/\/aj-sluzby.cz\/wp-content\/uploads\/2026\/03\/service-img-4-483x483.jpg 483w, https:\/\/aj-sluzby.cz\/wp-content\/uploads\/2026\/03\/service-img-4-309x309.jpg 309w, https:\/\/aj-sluzby.cz\/wp-content\/uploads\/2026\/03\/service-img-4-369x369.jpg 369w\" sizes=\"(max-width: 1024px) 100vw, 1024px\" \/>\r\n                            <h4 class=\"service-box-title\">\u00daklid zdravotnick\u00fdch za\u0159\u00edzen\u00ed<\/h4>\r\r\n                            <div class=\"service-box-text\">Dezinfek\u010dn\u00ed \u00faklid dle hygienick\u00fdch standard\u016f a zv\u00fd\u0161en\u00fdch n\u00e1rok\u016f na \u010distotu.<\/div>\r\r\n                            \r\n                        <\/div>\r\r\n                    \r\n                        <div class=\"col-xs-6 col-sm-4 col-md-4 service-box\">\r\r\n                            <img loading=\"lazy\" decoding=\"async\" width=\"1024\" height=\"1024\" src=\"https:\/\/aj-sluzby.cz\/wp-content\/uploads\/2026\/03\/service-img-5.jpg\" class=\"attachment-full size-full\" alt=\"\" srcset=\"https:\/\/aj-sluzby.cz\/wp-content\/uploads\/2026\/03\/service-img-5.jpg 1024w, https:\/\/aj-sluzby.cz\/wp-content\/uploads\/2026\/03\/service-img-5-300x300.jpg 300w, https:\/\/aj-sluzby.cz\/wp-content\/uploads\/2026\/03\/service-img-5-150x150.jpg 150w, https:\/\/aj-sluzby.cz\/wp-content\/uploads\/2026\/03\/service-img-5-768x768.jpg 768w, https:\/\/aj-sluzby.cz\/wp-content\/uploads\/2026\/03\/service-img-5-483x483.jpg 483w, https:\/\/aj-sluzby.cz\/wp-content\/uploads\/2026\/03\/service-img-5-309x309.jpg 309w, https:\/\/aj-sluzby.cz\/wp-content\/uploads\/2026\/03\/service-img-5-369x369.jpg 369w\" sizes=\"(max-width: 1024px) 100vw, 1024px\" \/>\r\n                            <h4 class=\"service-box-title\">\u00daklid po rekonstrukci<\/h4>\r\r\n                            <div class=\"service-box-text\">Odstran\u011bn\u00ed stavebn\u00edho prachu, ne\u010distot a fin\u00e1ln\u00ed \u00faklid p\u0159ed p\u0159ed\u00e1n\u00edm prostoru.<\/div>\r\r\n                            \r\n                        <\/div>\r\r\n                    \r\n                        <div class=\"col-xs-6 col-sm-4 col-md-4 service-box\">\r\r\n                            <img loading=\"lazy\" decoding=\"async\" width=\"1024\" height=\"1024\" src=\"https:\/\/aj-sluzby.cz\/wp-content\/uploads\/2026\/03\/service-img-6.jpg\" class=\"attachment-full size-full\" alt=\"\" srcset=\"https:\/\/aj-sluzby.cz\/wp-content\/uploads\/2026\/03\/service-img-6.jpg 1024w, https:\/\/aj-sluzby.cz\/wp-content\/uploads\/2026\/03\/service-img-6-300x300.jpg 300w, https:\/\/aj-sluzby.cz\/wp-content\/uploads\/2026\/03\/service-img-6-150x150.jpg 150w, https:\/\/aj-sluzby.cz\/wp-content\/uploads\/2026\/03\/service-img-6-768x768.jpg 768w, https:\/\/aj-sluzby.cz\/wp-content\/uploads\/2026\/03\/service-img-6-483x483.jpg 483w, https:\/\/aj-sluzby.cz\/wp-content\/uploads\/2026\/03\/service-img-6-309x309.jpg 309w, https:\/\/aj-sluzby.cz\/wp-content\/uploads\/2026\/03\/service-img-6-369x369.jpg 369w\" sizes=\"(max-width: 1024px) 100vw, 1024px\" \/>\r\n                            <h4 class=\"service-box-title\">\u00daklid spole\u010dn\u00fdch prostor<\/h4>\r\r\n                            <div class=\"service-box-text\">Pravideln\u00e1 \u00fadr\u017eba bytov\u00fdch dom\u016f, vstupn\u00edch hal, schodi\u0161\u0165 a gar\u00e1\u017e\u00ed.<\/div>\r\r\n                            \r\n                        <\/div>\r\r\n                    \r\n            <\/div>\r\r\n        <\/div>\r\r\n    <\/div>\r\r\n\t\t\t\t<\/div>\n\t\t\t\t<\/div>\n\t\t\t\t\t<\/div>\n\t\t<\/div>\n\t\t\t\t\t<\/div>\n\t\t<\/section>\n\t\t\t\t<\/div>\n\t\t","protected":false},"excerpt":{"rendered":"<p>Na\u0161e slu\u017eby T\u00fdm AJ slu\u017eby tvo\u0159\u00ed zku\u0161en\u00ed a profesion\u00e1ln\u011b vy\u0161kolen\u00ed pracovn\u00edci, kte\u0159\u00ed poskytuj\u00ed kvalitn\u00ed a systematick\u00e9 \u00faklidov\u00e9 slu\u017eby pro firmy, instituce i komer\u010dn\u00ed objekty. \u00daklid kancel\u00e1\u0159\u00ed Pravideln\u00fd i jednor\u00e1zov\u00fd \u00faklid administrativn\u00edch prostor, recepc\u00ed a zasedac\u00edch m\u00edstnost\u00ed. \u00daklid v\u00fdrobn\u00edch hal a pr\u016fmyslov\u00fdch objekt\u016f Profesion\u00e1ln\u00ed \u010di\u0161t\u011bn\u00ed podlah, stroj\u016f a technologick\u00fdch ploch s d\u016frazem na bezpe\u010dnost provozu. \u00daklid [&hellip;]<\/p>\n","protected":false},"author":1,"featured_media":0,"parent":0,"menu_order":0,"comment_status":"closed","ping_status":"closed","template":"elementor_header_footer","meta":{"footnotes":""},"class_list":["post-344","page","type-page","status-publish","hentry"],"yoast_head":"<!-- This site is optimized with the Yoast SEO plugin v27.0 - https:\/\/yoast.com\/product\/yoast-seo-wordpress\/ -->\n<title>Na\u0161e slu\u017eby - AJ slu\u017eby, s.r.o.<\/title>\n<meta name=\"robots\" content=\"index, follow, max-snippet:-1, max-image-preview:large, max-video-preview:-1\" \/>\n<link rel=\"canonical\" href=\"https:\/\/aj-sluzby.cz\/?page_id=344\" \/>\n<meta property=\"og:locale\" content=\"cs_CZ\" \/>\n<meta property=\"og:type\" content=\"article\" \/>\n<meta property=\"og:title\" content=\"Na\u0161e slu\u017eby - AJ slu\u017eby, s.r.o.\" \/>\n<meta property=\"og:description\" content=\"Na\u0161e slu\u017eby T\u00fdm AJ slu\u017eby tvo\u0159\u00ed zku\u0161en\u00ed a profesion\u00e1ln\u011b vy\u0161kolen\u00ed pracovn\u00edci, kte\u0159\u00ed poskytuj\u00ed kvalitn\u00ed a systematick\u00e9 \u00faklidov\u00e9 slu\u017eby pro firmy, instituce i komer\u010dn\u00ed objekty. \u00daklid kancel\u00e1\u0159\u00ed Pravideln\u00fd i jednor\u00e1zov\u00fd \u00faklid administrativn\u00edch prostor, recepc\u00ed a zasedac\u00edch m\u00edstnost\u00ed. \u00daklid v\u00fdrobn\u00edch hal a pr\u016fmyslov\u00fdch objekt\u016f Profesion\u00e1ln\u00ed \u010di\u0161t\u011bn\u00ed podlah, stroj\u016f a technologick\u00fdch ploch s d\u016frazem na bezpe\u010dnost provozu. \u00daklid [&hellip;]\" \/>\n<meta property=\"og:url\" content=\"https:\/\/aj-sluzby.cz\/?page_id=344\" \/>\n<meta property=\"og:site_name\" content=\"AJ slu\u017eby, s.r.o.\" \/>\n<meta property=\"article:modified_time\" content=\"2026-03-04T08:08:03+00:00\" \/>\n<meta property=\"og:image\" content=\"https:\/\/aj-sluzby.cz\/wp-content\/uploads\/2026\/03\/service-img-1.jpg\" \/>\n<meta name=\"twitter:card\" content=\"summary_large_image\" \/>\n<meta name=\"twitter:label1\" content=\"Odhadovan\u00e1 doba \u010dten\u00ed\" \/>\n\t<meta name=\"twitter:data1\" content=\"2 minuty\" \/>\n<script type=\"application\/ld+json\" class=\"yoast-schema-graph\">{\"@context\":\"https:\/\/schema.org\",\"@graph\":[{\"@type\":\"WebPage\",\"@id\":\"https:\/\/aj-sluzby.cz\/?page_id=344\",\"url\":\"https:\/\/aj-sluzby.cz\/?page_id=344\",\"name\":\"Na\u0161e slu\u017eby - AJ slu\u017eby, s.r.o.\",\"isPartOf\":{\"@id\":\"https:\/\/aj-sluzby.cz\/#website\"},\"primaryImageOfPage\":{\"@id\":\"https:\/\/aj-sluzby.cz\/?page_id=344#primaryimage\"},\"image\":{\"@id\":\"https:\/\/aj-sluzby.cz\/?page_id=344#primaryimage\"},\"thumbnailUrl\":\"https:\/\/aj-sluzby.cz\/wp-content\/uploads\/2026\/03\/service-img-1.jpg\",\"datePublished\":\"2021-08-06T03:56:15+00:00\",\"dateModified\":\"2026-03-04T08:08:03+00:00\",\"breadcrumb\":{\"@id\":\"https:\/\/aj-sluzby.cz\/?page_id=344#breadcrumb\"},\"inLanguage\":\"cs\",\"potentialAction\":[{\"@type\":\"ReadAction\",\"target\":[\"https:\/\/aj-sluzby.cz\/?page_id=344\"]}]},{\"@type\":\"ImageObject\",\"inLanguage\":\"cs\",\"@id\":\"https:\/\/aj-sluzby.cz\/?page_id=344#primaryimage\",\"url\":\"https:\/\/aj-sluzby.cz\/wp-content\/uploads\/2026\/03\/service-img-1.jpg\",\"contentUrl\":\"https:\/\/aj-sluzby.cz\/wp-content\/uploads\/2026\/03\/service-img-1.jpg\",\"width\":1024,\"height\":1024},{\"@type\":\"BreadcrumbList\",\"@id\":\"https:\/\/aj-sluzby.cz\/?page_id=344#breadcrumb\",\"itemListElement\":[{\"@type\":\"ListItem\",\"position\":1,\"name\":\"Home\",\"item\":\"https:\/\/aj-sluzby.cz\/\"},{\"@type\":\"ListItem\",\"position\":2,\"name\":\"Na\u0161e slu\u017eby\"}]},{\"@type\":\"WebSite\",\"@id\":\"https:\/\/aj-sluzby.cz\/#website\",\"url\":\"https:\/\/aj-sluzby.cz\/\",\"name\":\"AJ slu\u017eby, s.r.o.\",\"description\":\"\u010cistota, na kterou se m\u016f\u017eete spolehnout.\",\"potentialAction\":[{\"@type\":\"SearchAction\",\"target\":{\"@type\":\"EntryPoint\",\"urlTemplate\":\"https:\/\/aj-sluzby.cz\/?s={search_term_string}\"},\"query-input\":{\"@type\":\"PropertyValueSpecification\",\"valueRequired\":true,\"valueName\":\"search_term_string\"}}],\"inLanguage\":\"cs\"}]}<\/script>\n<!-- \/ Yoast SEO plugin. -->","yoast_head_json":{"title":"Na\u0161e slu\u017eby - AJ slu\u017eby, s.r.o.","robots":{"index":"index","follow":"follow","max-snippet":"max-snippet:-1","max-image-preview":"max-image-preview:large","max-video-preview":"max-video-preview:-1"},"canonical":"https:\/\/aj-sluzby.cz\/?page_id=344","og_locale":"cs_CZ","og_type":"article","og_title":"Na\u0161e slu\u017eby - AJ slu\u017eby, s.r.o.","og_description":"Na\u0161e slu\u017eby T\u00fdm AJ slu\u017eby tvo\u0159\u00ed zku\u0161en\u00ed a profesion\u00e1ln\u011b vy\u0161kolen\u00ed pracovn\u00edci, kte\u0159\u00ed poskytuj\u00ed kvalitn\u00ed a systematick\u00e9 \u00faklidov\u00e9 slu\u017eby pro firmy, instituce i komer\u010dn\u00ed objekty. \u00daklid kancel\u00e1\u0159\u00ed Pravideln\u00fd i jednor\u00e1zov\u00fd \u00faklid administrativn\u00edch prostor, recepc\u00ed a zasedac\u00edch m\u00edstnost\u00ed. \u00daklid v\u00fdrobn\u00edch hal a pr\u016fmyslov\u00fdch objekt\u016f Profesion\u00e1ln\u00ed \u010di\u0161t\u011bn\u00ed podlah, stroj\u016f a technologick\u00fdch ploch s d\u016frazem na bezpe\u010dnost provozu. \u00daklid [&hellip;]","og_url":"https:\/\/aj-sluzby.cz\/?page_id=344","og_site_name":"AJ slu\u017eby, s.r.o.","article_modified_time":"2026-03-04T08:08:03+00:00","og_image":[{"url":"https:\/\/aj-sluzby.cz\/wp-content\/uploads\/2026\/03\/service-img-1.jpg","type":"","width":"","height":""}],"twitter_card":"summary_large_image","twitter_misc":{"Odhadovan\u00e1 doba \u010dten\u00ed":"2 minuty"},"schema":{"@context":"https:\/\/schema.org","@graph":[{"@type":"WebPage","@id":"https:\/\/aj-sluzby.cz\/?page_id=344","url":"https:\/\/aj-sluzby.cz\/?page_id=344","name":"Na\u0161e slu\u017eby - AJ slu\u017eby, s.r.o.","isPartOf":{"@id":"https:\/\/aj-sluzby.cz\/#website"},"primaryImageOfPage":{"@id":"https:\/\/aj-sluzby.cz\/?page_id=344#primaryimage"},"image":{"@id":"https:\/\/aj-sluzby.cz\/?page_id=344#primaryimage"},"thumbnailUrl":"https:\/\/aj-sluzby.cz\/wp-content\/uploads\/2026\/03\/service-img-1.jpg","datePublished":"2021-08-06T03:56:15+00:00","dateModified":"2026-03-04T08:08:03+00:00","breadcrumb":{"@id":"https:\/\/aj-sluzby.cz\/?page_id=344#breadcrumb"},"inLanguage":"cs","potentialAction":[{"@type":"ReadAction","target":["https:\/\/aj-sluzby.cz\/?page_id=344"]}]},{"@type":"ImageObject","inLanguage":"cs","@id":"https:\/\/aj-sluzby.cz\/?page_id=344#primaryimage","url":"https:\/\/aj-sluzby.cz\/wp-content\/uploads\/2026\/03\/service-img-1.jpg","contentUrl":"https:\/\/aj-sluzby.cz\/wp-content\/uploads\/2026\/03\/service-img-1.jpg","width":1024,"height":1024},{"@type":"BreadcrumbList","@id":"https:\/\/aj-sluzby.cz\/?page_id=344#breadcrumb","itemListElement":[{"@type":"ListItem","position":1,"name":"Home","item":"https:\/\/aj-sluzby.cz\/"},{"@type":"ListItem","position":2,"name":"Na\u0161e slu\u017eby"}]},{"@type":"WebSite","@id":"https:\/\/aj-sluzby.cz\/#website","url":"https:\/\/aj-sluzby.cz\/","name":"AJ slu\u017eby, s.r.o.","description":"\u010cistota, na kterou se m\u016f\u017eete spolehnout.","potentialAction":[{"@type":"SearchAction","target":{"@type":"EntryPoint","urlTemplate":"https:\/\/aj-sluzby.cz\/?s={search_term_string}"},"query-input":{"@type":"PropertyValueSpecification","valueRequired":true,"valueName":"search_term_string"}}],"inLanguage":"cs"}]}},"_links":{"self":[{"href":"https:\/\/aj-sluzby.cz\/index.php?rest_route=\/wp\/v2\/pages\/344","targetHints":{"allow":["GET"]}}],"collection":[{"href":"https:\/\/aj-sluzby.cz\/index.php?rest_route=\/wp\/v2\/pages"}],"about":[{"href":"https:\/\/aj-sluzby.cz\/index.php?rest_route=\/wp\/v2\/types\/page"}],"author":[{"embeddable":true,"href":"https:\/\/aj-sluzby.cz\/index.php?rest_route=\/wp\/v2\/users\/1"}],"replies":[{"embeddable":true,"href":"https:\/\/aj-sluzby.cz\/index.php?rest_route=%2Fwp%2Fv2%2Fcomments&post=344"}],"version-history":[{"count":26,"href":"https:\/\/aj-sluzby.cz\/index.php?rest_route=\/wp\/v2\/pages\/344\/revisions"}],"predecessor-version":[{"id":1966,"href":"https:\/\/aj-sluzby.cz\/index.php?rest_route=\/wp\/v2\/pages\/344\/revisions\/1966"}],"wp:attachment":[{"href":"https:\/\/aj-sluzby.cz\/index.php?rest_route=%2Fwp%2Fv2%2Fmedia&parent=344"}],"curies":[{"name":"wp","href":"https:\/\/api.w.org\/{rel}","templated":true}]}}