{"id":30,"date":"2021-08-05T03:36:48","date_gmt":"2021-08-05T03:36:48","guid":{"rendered":"https:\/\/smartdata.tonytemplates.com\/cleaning-service-v3\/?page_id=30"},"modified":"2026-02-22T19:45:12","modified_gmt":"2026-02-22T18:45:12","slug":"o-nas","status":"publish","type":"page","link":"https:\/\/aj-sluzby.cz\/?page_id=30","title":{"rendered":"O n\u00e1s"},"content":{"rendered":"\t\t<div data-elementor-type=\"wp-page\" data-elementor-id=\"30\" class=\"elementor elementor-30\">\n\t\t\t\t\t\t<section class=\"elementor-section elementor-top-section elementor-element elementor-element-dd8232f elementor-section-full_width elementor-section-height-default elementor-section-height-default\" data-id=\"dd8232f\" data-element_type=\"section\" data-e-type=\"section\">\n\t\t\t\t\t\t<div class=\"elementor-container elementor-column-gap-no\">\n\t\t\t\t\t<div class=\"elementor-column elementor-col-100 elementor-top-column elementor-element elementor-element-2ca0c65\" data-id=\"2ca0c65\" data-element_type=\"column\" data-e-type=\"column\">\n\t\t\t<div class=\"elementor-widget-wrap elementor-element-populated\">\n\t\t\t\t\t\t<div class=\"elementor-element elementor-element-635e692 elementor-widget elementor-widget-cleaning_about_company\" data-id=\"635e692\" data-element_type=\"widget\" data-e-type=\"widget\" data-widget_type=\"cleaning_about_company.default\">\n\t\t\t\t<div class=\"elementor-widget-container\">\n\t\t\t\t\t\r\n        <div class=\"block fullwidth no-pad cleaning-about-company\">\r\r\n            <div class=\"container\">\r\r\n                \r\n\t\t\t\t<h1 class=\"text-center h-decor\">\r\r\n\t\t\t\t\tO spole\u010dnosti AJ slu\u017eby, s.r.o.\r\n\t\t\t\t<\/h1>\r\r\n\t\t\t\r\n                 \r\n                <div class=\"text-center max-700\">\r\r\n                    <p class=\"p-lg\">Jsme profesion\u00e1ln\u00ed \u00faklidov\u00e1 spole\u010dnost poskytuj\u00edc\u00ed komplexn\u00ed a spolehliv\u00e9 \u00faklidov\u00e9 slu\u017eby pro firmy i instituce. Na\u0161\u00ed prioritou je kvalita, d\u016fv\u011bra a dlouhodob\u00e1 spolupr\u00e1ce. <\/p>\r\r\n                <\/div>\r\r\n                \r\n                <div class=\"divider\"><\/div>\r\r\n                <div class=\"row-flex-text\">\r\r\n                    <div class=\"col-50 bg-cover hide-bg-sm\" data-bg=\"https:\/\/aj-sluzby.cz\/wp-content\/uploads\/2021\/08\/about-page-img-1.jpg\" style=\"background-image: url(https:\/\/aj-sluzby.cz\/wp-content\/uploads\/2021\/08\/about-page-img-1.jpg);\">\r\r\n                        <div class=\"visible-sm visible-xs\"><img decoding=\"async\" src=\"https:\/\/aj-sluzby.cz\/wp-content\/uploads\/2021\/08\/about-page-img-1.jpg\" class=\"img-fullwidth\" loading=\"lazy\" alt=\"About Us\"><\/div>\r\r\n                    <\/div>\r\r\n                    <div class=\"col-50 bg-text\">\r\r\n                        <div class=\"bg-text-inside\">\r\r\n                            <h4>V\u00edce ne\u017e 10 let zku\u0161enost\u00ed s \u00faklidem<\/h4>\r\r\n                            <p>AJ slu\u017eby, s.r.o. je profesion\u00e1ln\u00ed \u00faklidov\u00e1 spole\u010dnost poskytuj\u00edc\u00ed komplexn\u00ed, kvalitn\u00ed a spolehliv\u00e9 \u00faklidov\u00e9 slu\u017eby pro komer\u010dn\u00ed, firemn\u00ed, pr\u016fmyslov\u00e9 i reziden\u010dn\u00ed objekty.<\/p>\n<p>Na\u0161e odpov\u011bdn\u00e9 \u0159\u00edzen\u00ed a d\u016fraz na precizn\u00ed pr\u00e1ci jsou z\u00e1kladem na\u0161\u00ed firemn\u00ed filozofie. D\u00edky osobn\u00edmu p\u0159\u00edstupu a p\u0159\u00edm\u00e9 komunikaci garantujeme stabiln\u00ed kvalitu slu\u017eeb a maxim\u00e1ln\u00ed spokojenost klient\u016f.<\/p>\n\r\n                        <\/div>\r\r\n                    <\/div>\r\r\n                <\/div>\r\r\n            <\/div>\r\r\n        <\/div>\r\r\n\t\t\t\t<\/div>\n\t\t\t\t<\/div>\n\t\t\t\t\t<\/div>\n\t\t<\/div>\n\t\t\t\t\t<\/div>\n\t\t<\/section>\n\t\t\t\t<section class=\"elementor-section elementor-top-section elementor-element elementor-element-401a522 elementor-section-full_width elementor-section-height-default elementor-section-height-default\" data-id=\"401a522\" data-element_type=\"section\" data-e-type=\"section\">\n\t\t\t\t\t\t<div class=\"elementor-container elementor-column-gap-no\">\n\t\t\t\t\t<div class=\"elementor-column elementor-col-100 elementor-top-column elementor-element elementor-element-d141854\" data-id=\"d141854\" data-element_type=\"column\" data-e-type=\"column\">\n\t\t\t<div class=\"elementor-widget-wrap elementor-element-populated\">\n\t\t\t\t\t\t<div class=\"elementor-element elementor-element-a02c8a6 elementor-widget elementor-widget-cleaning_icon_hor\" data-id=\"a02c8a6\" data-element_type=\"widget\" data-e-type=\"widget\" data-widget_type=\"cleaning_icon_hor.default\">\n\t\t\t\t<div class=\"elementor-widget-container\">\n\t\t\t\t\t \r\r\n        <div class=\"block\">\r\r\n            <div class=\"container\">\r\r\n                <div class=\"row \">\r\r\n                     \r\r\n                        <div class=\"col-sm-6 col-xs-12\">\r\r\n                            \r\n                                <div class=\"text-icon-hor\">\r\r\n                                    <div class=\"text-icon-hor-icon\">\r\r\n                                        <i aria-hidden=\"true\" class=\"icon  icon-target-lined\"><\/i>\r\n                                    <\/div>\r\r\n                                    <div class=\"text-icon-hor-text\">\r\r\n                                        <h3>Na\u0161e posl\u00e1n\u00ed<\/h3>\r\r\n                                        Poskytovat spolehliv\u00e9, kvalitn\u00ed a cenov\u011b dostupn\u00e9 \u00faklidov\u00e9 slu\u017eby pro firmy i instituce. Na\u0161\u00edm c\u00edlem je dlouhodob\u00e1 spolupr\u00e1ce zalo\u017een\u00e1 na d\u016fv\u011b\u0159e, preciznosti a profesion\u00e1ln\u00edm p\u0159\u00edstupu.\r\n                                    <\/div>\r\r\n                                <\/div>\r\r\n                            \r\n                        <\/div>  \r\r\n                        <div class=\"col-sm-6 col-xs-12\">\r\r\n                            \r\n                                <div class=\"text-icon-hor\">\r\r\n                                    <div class=\"text-icon-hor-icon\">\r\r\n                                        <i aria-hidden=\"true\" class=\"icon  icon-brush-lined\"><\/i>\r\n                                    <\/div>\r\r\n                                    <div class=\"text-icon-hor-text\">\r\r\n                                        <h3>Na\u0161e vize<\/h3>\r\r\n                                        B\u00fdt stabiln\u00edm a respektovan\u00fdm partnerem v oblasti profesion\u00e1ln\u00edho \u00faklidu. Neust\u00e1le zvy\u0161ujeme standardy, investujeme do modern\u00ed techniky a rozv\u00edj\u00edme n\u00e1\u0161 t\u00fdm, abychom klient\u016fm poskytovali slu\u017eby na nejvy\u0161\u0161\u00ed \u00farovni.\r\n                                    <\/div>\r\r\n                                <\/div>\r\r\n                            \r\n                        <\/div> \r\n                <\/div>\r\r\n            <\/div>\r\r\n        <\/div>\r\r\n\t\t\t\t<\/div>\n\t\t\t\t<\/div>\n\t\t\t\t\t<\/div>\n\t\t<\/div>\n\t\t\t\t\t<\/div>\n\t\t<\/section>\n\t\t\t\t<section class=\"elementor-section elementor-top-section elementor-element elementor-element-44c3843 elementor-section-full_width elementor-section-height-default elementor-section-height-default\" data-id=\"44c3843\" data-element_type=\"section\" data-e-type=\"section\">\n\t\t\t\t\t\t<div class=\"elementor-container elementor-column-gap-no\">\n\t\t\t\t\t<div class=\"elementor-column elementor-col-100 elementor-top-column elementor-element elementor-element-33fff2a\" data-id=\"33fff2a\" data-element_type=\"column\" data-e-type=\"column\">\n\t\t\t<div class=\"elementor-widget-wrap elementor-element-populated\">\n\t\t\t\t\t\t<div class=\"elementor-element elementor-element-7f5de81 elementor-widget elementor-widget-satisfaction_guaranteed\" data-id=\"7f5de81\" data-element_type=\"widget\" data-e-type=\"widget\" data-widget_type=\"satisfaction_guaranteed.default\">\n\t\t\t\t<div class=\"elementor-widget-container\">\n\t\t\t\t\t\r\n    <div class=\"block\">\r\r\n        <div class=\"container\">\r\r\n            <div class=\"row row-flex flex-column-sm align-center\">\r\r\n                <div class=\"col-sm-6\">\r\r\n                    \r\n\t\t\t\t<h2 class=\"heading\">\r\r\n\t\t\t\t\tGarance spokojenosti!\r\n\t\t\t\t<\/h2>\r\r\n\t\t\t<p class=\"p-lg\">T\u00fdm AJ slu\u017eby poskytuje d\u016fkladn\u00e9 a profesion\u00e1ln\u00ed \u00faklidov\u00e9 slu\u017eby s d\u016frazem na kvalitu a detail.<\/p>\n\t\t\t\t\t\t<p>Pokud nejste s v\u00fdsledkem \u00faklidu spokojeni, kontaktujte n\u00e1s a zajist\u00edme n\u00e1pravu v co nejkrat\u0161\u00edm mo\u017en\u00e9m term\u00ednu. Na\u0161i pracovn\u00edci jsou pe\u010dliv\u011b vyb\u00edr\u00e1ni, pravideln\u011b \u0161koleni a pracuj\u00ed podle jasn\u011b stanoven\u00fdch standard\u016f kvality. <\/p>\n<p>Va\u0161e spokojenost je pro n\u00e1s prioritou.<\/p>\r\n                    <div class=\"divider\"><\/div>\r\r\n                    \r\n                <\/div>\r\r\n                <div class=\"col-sm-6\">\r\r\n                    <div class=\"img-with-shtamp\">\r\r\n                        <div class=\"shtamp\">\r\r\n                            <img decoding=\"async\" width=\"153\" height=\"153\" src=\"https:\/\/aj-sluzby.cz\/wp-content\/uploads\/2021\/08\/shtamp.png\" class=\"attachment-full size-full\" alt=\"\" srcset=\"https:\/\/aj-sluzby.cz\/wp-content\/uploads\/2021\/08\/shtamp.png 153w, https:\/\/aj-sluzby.cz\/wp-content\/uploads\/2021\/08\/shtamp-150x150.png 150w, https:\/\/aj-sluzby.cz\/wp-content\/uploads\/2021\/08\/shtamp-100x100.png 100w\" sizes=\"(max-width: 153px) 100vw, 153px\" \/>\r\n                        <\/div>\r\r\n                        <img decoding=\"async\" src=\"https:\/\/aj-sluzby.cz\/wp-content\/uploads\/2021\/08\/about-page-img-3.jpg\" class=\"img-responsive\" alt=\"\" loading=\"lazy\">\r\r\n                    <\/div>\r\r\n                <\/div>\r\r\n            <\/div>\r\r\n        <\/div>\r\r\n    <\/div>\r\r\n\t\t\t\t<\/div>\n\t\t\t\t<\/div>\n\t\t\t\t\t<\/div>\n\t\t<\/div>\n\t\t\t\t\t<\/div>\n\t\t<\/section>\n\t\t\t\t<section class=\"elementor-section elementor-top-section elementor-element elementor-element-f10e5c6 elementor-section-full_width elementor-section-height-default elementor-section-height-default\" data-id=\"f10e5c6\" data-element_type=\"section\" data-e-type=\"section\">\n\t\t\t\t\t\t<div class=\"elementor-container elementor-column-gap-no\">\n\t\t\t\t\t<div class=\"elementor-column elementor-col-100 elementor-top-column elementor-element elementor-element-3a49e7a\" data-id=\"3a49e7a\" data-element_type=\"column\" data-e-type=\"column\">\n\t\t\t<div class=\"elementor-widget-wrap elementor-element-populated\">\n\t\t\t\t\t\t<div class=\"elementor-element elementor-element-8d09908 elementor-widget elementor-widget-icon_carousel_box\" data-id=\"8d09908\" data-element_type=\"widget\" data-e-type=\"widget\" data-widget_type=\"icon_carousel_box.default\">\n\t\t\t\t<div class=\"elementor-widget-container\">\n\t\t\t\t\t\r\n        <div class=\"block\">\r\r\n            <div class=\"container\">\r\r\n                \r\n\t\t\t\t<h1 class=\"text-center h-lg h-decor\">\r\r\n\t\t\t\t\tPro\u010d si vybrat pr\u00e1v\u011b n\u00e1s?\r\n\t\t\t\t<\/h1>\r\r\n\t\t\t\r\n                \r\n                <div class=\"text-center max-800\">\r\r\n                    <p class=\"p-lg\">Vyberte si n\u00e1s pro na\u0161i spolehlivost, zku\u0161enosti a d\u016fraz na kvalitu. Ji\u017e \u0159adu let poskytujeme profesion\u00e1ln\u00ed \u00faklidov\u00e9 slu\u017eby firm\u00e1m i instituc\u00edm.<\/p>\r\r\n                <\/div>\r\r\n                \r\n                <div class=\"row text-icon-row style-2 \">\r\r\n                      \r\r\n                        <div class=\"col-md-4 col-sm-6 col-xs-12 text-icon\">\r\r\n                            <div class=\"text-icon-icon\">\r\r\n                                <i aria-hidden=\"true\" class=\"icon  icon-like-lined\"><\/i>\r\n                            <\/div>\r\r\n                            <h4 class=\"text-icon-title\">Garance spokojenosti<\/h4><div class=\"text-icon-text\">Va\u0161e spokojenost je na\u0161\u00ed prioritou. Db\u00e1me na precizn\u00ed proveden\u00ed ka\u017ed\u00e9 zak\u00e1zky.<\/div>\r\r\n                        <\/div> \r\r\n                          \r\r\n                        <div class=\"col-md-4 col-sm-6 col-xs-12 text-icon\">\r\r\n                            <div class=\"text-icon-icon\">\r\r\n                                <i aria-hidden=\"true\" class=\"icon  icon-user-lined\"><\/i>\r\n                            <\/div>\r\r\n                            <h4 class=\"text-icon-title\">Poji\u0161t\u011bn\u00e1 a odpov\u011bdn\u00e1 spole\u010dnost<\/h4><div class=\"text-icon-text\">Jsme pln\u011b poji\u0161t\u011bni, co\u017e V\u00e1m zaji\u0161\u0165uje maxim\u00e1ln\u00ed jistotu a bezpe\u010d\u00ed spolupr\u00e1ce.<\/div>\r\r\n                        <\/div> \r\r\n                          \r\r\n                        <div class=\"col-md-4 col-sm-6 col-xs-12 text-icon\">\r\r\n                            <div class=\"text-icon-icon\">\r\r\n                                <i aria-hidden=\"true\" class=\"icon  icon-users-lined\"><\/i>\r\n                            <\/div>\r\r\n                            <h4 class=\"text-icon-title\">Odborn\u011b pro\u0161kolen\u00fd t\u00fdm<\/h4><div class=\"text-icon-text\">Na\u0161i pracovn\u00edci jsou prov\u011b\u0159eni, pravideln\u011b \u0161koleni a pracuj\u00ed podle jasn\u00fdch standard\u016f kvality.<\/div>\r\r\n                        <\/div> \r\r\n                          \r\r\n                        <div class=\"col-md-4 col-sm-6 col-xs-12 text-icon\">\r\r\n                            <div class=\"text-icon-icon\">\r\r\n                                <i aria-hidden=\"true\" class=\"icon  icon-map-lined\"><\/i>\r\n                            <\/div>\r\r\n                            <h4 class=\"text-icon-title\">Lok\u00e1ln\u00ed a spolehliv\u00fd partner<\/h4><div class=\"text-icon-text\">Jsme \u010desk\u00e1 spole\u010dnost s individu\u00e1ln\u00edm p\u0159\u00edstupem ke ka\u017ed\u00e9mu klientovi.<\/div>\r\r\n                        <\/div> \r\r\n                          \r\r\n                        <div class=\"col-md-4 col-sm-6 col-xs-12 text-icon\">\r\r\n                            <div class=\"text-icon-icon\">\r\r\n                                <i aria-hidden=\"true\" class=\"icon  icon-reward-lined\"><\/i>\r\n                            <\/div>\r\r\n                            <h4 class=\"text-icon-title\">Nez\u00e1vazn\u00e1 cenov\u00e1 nab\u00eddka<\/h4><div class=\"text-icon-text\">P\u0159iprav\u00edme V\u00e1m p\u0159ehlednou cenovou kalkulaci bez skryt\u00fdch poplatk\u016f.<\/div>\r\r\n                        <\/div> \r\r\n                          \r\r\n                        <div class=\"col-md-4 col-sm-6 col-xs-12 text-icon\">\r\r\n                            <div class=\"text-icon-icon\">\r\r\n                                <i aria-hidden=\"true\" class=\"icon  icon-like-lined\"><\/i>\r\n                            <\/div>\r\r\n                            <h4 class=\"text-icon-title\">Kvalita bez kompromis\u016f<\/h4><div class=\"text-icon-text\">Pracujeme efektivn\u011b, systematicky a s d\u016frazem na detail.<\/div>\r\r\n                        <\/div> \r\r\n                        \r\n                <\/div>\r\r\n            <\/div>\r\r\n        <\/div>\r\r\n\t\t\t\t<\/div>\n\t\t\t\t<\/div>\n\t\t\t\t\t<\/div>\n\t\t<\/div>\n\t\t\t\t\t<\/div>\n\t\t<\/section>\n\t\t\t\t<\/div>\n\t\t","protected":false},"excerpt":{"rendered":"<p>O spole\u010dnosti AJ slu\u017eby, s.r.o. Jsme profesion\u00e1ln\u00ed \u00faklidov\u00e1 spole\u010dnost poskytuj\u00edc\u00ed komplexn\u00ed a spolehliv\u00e9 \u00faklidov\u00e9 slu\u017eby pro firmy i instituce. Na\u0161\u00ed prioritou je kvalita, d\u016fv\u011bra a dlouhodob\u00e1 spolupr\u00e1ce. V\u00edce ne\u017e 10 let zku\u0161enost\u00ed s \u00faklidem AJ slu\u017eby, s.r.o. je profesion\u00e1ln\u00ed \u00faklidov\u00e1 spole\u010dnost poskytuj\u00edc\u00ed komplexn\u00ed, kvalitn\u00ed a spolehliv\u00e9 \u00faklidov\u00e9 slu\u017eby pro komer\u010dn\u00ed, firemn\u00ed, pr\u016fmyslov\u00e9 i reziden\u010dn\u00ed objekty. [&hellip;]<\/p>\n","protected":false},"author":1,"featured_media":0,"parent":0,"menu_order":0,"comment_status":"closed","ping_status":"closed","template":"elementor_header_footer","meta":{"footnotes":""},"class_list":["post-30","page","type-page","status-publish","hentry"],"yoast_head":"<!-- This site is optimized with the Yoast SEO plugin v27.0 - https:\/\/yoast.com\/product\/yoast-seo-wordpress\/ -->\n<title>O n\u00e1s - AJ slu\u017eby, s.r.o.<\/title>\n<meta name=\"robots\" content=\"index, follow, max-snippet:-1, max-image-preview:large, max-video-preview:-1\" \/>\n<link rel=\"canonical\" href=\"https:\/\/aj-sluzby.cz\/?page_id=30\" \/>\n<meta property=\"og:locale\" content=\"cs_CZ\" \/>\n<meta property=\"og:type\" content=\"article\" \/>\n<meta property=\"og:title\" content=\"O n\u00e1s - AJ slu\u017eby, s.r.o.\" \/>\n<meta property=\"og:description\" content=\"O spole\u010dnosti AJ slu\u017eby, s.r.o. Jsme profesion\u00e1ln\u00ed \u00faklidov\u00e1 spole\u010dnost poskytuj\u00edc\u00ed komplexn\u00ed a spolehliv\u00e9 \u00faklidov\u00e9 slu\u017eby pro firmy i instituce. Na\u0161\u00ed prioritou je kvalita, d\u016fv\u011bra a dlouhodob\u00e1 spolupr\u00e1ce. V\u00edce ne\u017e 10 let zku\u0161enost\u00ed s \u00faklidem AJ slu\u017eby, s.r.o. je profesion\u00e1ln\u00ed \u00faklidov\u00e1 spole\u010dnost poskytuj\u00edc\u00ed komplexn\u00ed, kvalitn\u00ed a spolehliv\u00e9 \u00faklidov\u00e9 slu\u017eby pro komer\u010dn\u00ed, firemn\u00ed, pr\u016fmyslov\u00e9 i reziden\u010dn\u00ed objekty. [&hellip;]\" \/>\n<meta property=\"og:url\" content=\"https:\/\/aj-sluzby.cz\/?page_id=30\" \/>\n<meta property=\"og:site_name\" content=\"AJ slu\u017eby, s.r.o.\" \/>\n<meta property=\"article:modified_time\" content=\"2026-02-22T18:45:12+00:00\" \/>\n<meta property=\"og:image\" content=\"https:\/\/aj-sluzby.test\/wp-content\/uploads\/2021\/08\/about-page-img-1.jpg\" \/>\n<meta name=\"twitter:card\" content=\"summary_large_image\" \/>\n<meta name=\"twitter:label1\" content=\"Odhadovan\u00e1 doba \u010dten\u00ed\" \/>\n\t<meta name=\"twitter:data1\" content=\"3 minuty\" \/>\n<script type=\"application\/ld+json\" class=\"yoast-schema-graph\">{\"@context\":\"https:\/\/schema.org\",\"@graph\":[{\"@type\":\"WebPage\",\"@id\":\"https:\/\/aj-sluzby.cz\/?page_id=30\",\"url\":\"https:\/\/aj-sluzby.cz\/?page_id=30\",\"name\":\"O n\u00e1s - AJ slu\u017eby, s.r.o.\",\"isPartOf\":{\"@id\":\"https:\/\/aj-sluzby.cz\/#website\"},\"primaryImageOfPage\":{\"@id\":\"https:\/\/aj-sluzby.cz\/?page_id=30#primaryimage\"},\"image\":{\"@id\":\"https:\/\/aj-sluzby.cz\/?page_id=30#primaryimage\"},\"thumbnailUrl\":\"https:\/\/aj-sluzby.test\/wp-content\/uploads\/2021\/08\/about-page-img-1.jpg\",\"datePublished\":\"2021-08-05T03:36:48+00:00\",\"dateModified\":\"2026-02-22T18:45:12+00:00\",\"breadcrumb\":{\"@id\":\"https:\/\/aj-sluzby.cz\/?page_id=30#breadcrumb\"},\"inLanguage\":\"cs\",\"potentialAction\":[{\"@type\":\"ReadAction\",\"target\":[\"https:\/\/aj-sluzby.cz\/?page_id=30\"]}]},{\"@type\":\"ImageObject\",\"inLanguage\":\"cs\",\"@id\":\"https:\/\/aj-sluzby.cz\/?page_id=30#primaryimage\",\"url\":\"https:\/\/aj-sluzby.test\/wp-content\/uploads\/2021\/08\/about-page-img-1.jpg\",\"contentUrl\":\"https:\/\/aj-sluzby.test\/wp-content\/uploads\/2021\/08\/about-page-img-1.jpg\"},{\"@type\":\"BreadcrumbList\",\"@id\":\"https:\/\/aj-sluzby.cz\/?page_id=30#breadcrumb\",\"itemListElement\":[{\"@type\":\"ListItem\",\"position\":1,\"name\":\"Home\",\"item\":\"https:\/\/aj-sluzby.cz\/\"},{\"@type\":\"ListItem\",\"position\":2,\"name\":\"O n\u00e1s\"}]},{\"@type\":\"WebSite\",\"@id\":\"https:\/\/aj-sluzby.cz\/#website\",\"url\":\"https:\/\/aj-sluzby.cz\/\",\"name\":\"AJ slu\u017eby, s.r.o.\",\"description\":\"\u010cistota, na kterou se m\u016f\u017eete spolehnout.\",\"potentialAction\":[{\"@type\":\"SearchAction\",\"target\":{\"@type\":\"EntryPoint\",\"urlTemplate\":\"https:\/\/aj-sluzby.cz\/?s={search_term_string}\"},\"query-input\":{\"@type\":\"PropertyValueSpecification\",\"valueRequired\":true,\"valueName\":\"search_term_string\"}}],\"inLanguage\":\"cs\"}]}<\/script>\n<!-- \/ Yoast SEO plugin. -->","yoast_head_json":{"title":"O n\u00e1s - AJ slu\u017eby, s.r.o.","robots":{"index":"index","follow":"follow","max-snippet":"max-snippet:-1","max-image-preview":"max-image-preview:large","max-video-preview":"max-video-preview:-1"},"canonical":"https:\/\/aj-sluzby.cz\/?page_id=30","og_locale":"cs_CZ","og_type":"article","og_title":"O n\u00e1s - AJ slu\u017eby, s.r.o.","og_description":"O spole\u010dnosti AJ slu\u017eby, s.r.o. Jsme profesion\u00e1ln\u00ed \u00faklidov\u00e1 spole\u010dnost poskytuj\u00edc\u00ed komplexn\u00ed a spolehliv\u00e9 \u00faklidov\u00e9 slu\u017eby pro firmy i instituce. Na\u0161\u00ed prioritou je kvalita, d\u016fv\u011bra a dlouhodob\u00e1 spolupr\u00e1ce. V\u00edce ne\u017e 10 let zku\u0161enost\u00ed s \u00faklidem AJ slu\u017eby, s.r.o. je profesion\u00e1ln\u00ed \u00faklidov\u00e1 spole\u010dnost poskytuj\u00edc\u00ed komplexn\u00ed, kvalitn\u00ed a spolehliv\u00e9 \u00faklidov\u00e9 slu\u017eby pro komer\u010dn\u00ed, firemn\u00ed, pr\u016fmyslov\u00e9 i reziden\u010dn\u00ed objekty. [&hellip;]","og_url":"https:\/\/aj-sluzby.cz\/?page_id=30","og_site_name":"AJ slu\u017eby, s.r.o.","article_modified_time":"2026-02-22T18:45:12+00:00","og_image":[{"url":"https:\/\/aj-sluzby.test\/wp-content\/uploads\/2021\/08\/about-page-img-1.jpg","type":"","width":"","height":""}],"twitter_card":"summary_large_image","twitter_misc":{"Odhadovan\u00e1 doba \u010dten\u00ed":"3 minuty"},"schema":{"@context":"https:\/\/schema.org","@graph":[{"@type":"WebPage","@id":"https:\/\/aj-sluzby.cz\/?page_id=30","url":"https:\/\/aj-sluzby.cz\/?page_id=30","name":"O n\u00e1s - AJ slu\u017eby, s.r.o.","isPartOf":{"@id":"https:\/\/aj-sluzby.cz\/#website"},"primaryImageOfPage":{"@id":"https:\/\/aj-sluzby.cz\/?page_id=30#primaryimage"},"image":{"@id":"https:\/\/aj-sluzby.cz\/?page_id=30#primaryimage"},"thumbnailUrl":"https:\/\/aj-sluzby.test\/wp-content\/uploads\/2021\/08\/about-page-img-1.jpg","datePublished":"2021-08-05T03:36:48+00:00","dateModified":"2026-02-22T18:45:12+00:00","breadcrumb":{"@id":"https:\/\/aj-sluzby.cz\/?page_id=30#breadcrumb"},"inLanguage":"cs","potentialAction":[{"@type":"ReadAction","target":["https:\/\/aj-sluzby.cz\/?page_id=30"]}]},{"@type":"ImageObject","inLanguage":"cs","@id":"https:\/\/aj-sluzby.cz\/?page_id=30#primaryimage","url":"https:\/\/aj-sluzby.test\/wp-content\/uploads\/2021\/08\/about-page-img-1.jpg","contentUrl":"https:\/\/aj-sluzby.test\/wp-content\/uploads\/2021\/08\/about-page-img-1.jpg"},{"@type":"BreadcrumbList","@id":"https:\/\/aj-sluzby.cz\/?page_id=30#breadcrumb","itemListElement":[{"@type":"ListItem","position":1,"name":"Home","item":"https:\/\/aj-sluzby.cz\/"},{"@type":"ListItem","position":2,"name":"O n\u00e1s"}]},{"@type":"WebSite","@id":"https:\/\/aj-sluzby.cz\/#website","url":"https:\/\/aj-sluzby.cz\/","name":"AJ slu\u017eby, s.r.o.","description":"\u010cistota, na kterou se m\u016f\u017eete spolehnout.","potentialAction":[{"@type":"SearchAction","target":{"@type":"EntryPoint","urlTemplate":"https:\/\/aj-sluzby.cz\/?s={search_term_string}"},"query-input":{"@type":"PropertyValueSpecification","valueRequired":true,"valueName":"search_term_string"}}],"inLanguage":"cs"}]}},"_links":{"self":[{"href":"https:\/\/aj-sluzby.cz\/index.php?rest_route=\/wp\/v2\/pages\/30","targetHints":{"allow":["GET"]}}],"collection":[{"href":"https:\/\/aj-sluzby.cz\/index.php?rest_route=\/wp\/v2\/pages"}],"about":[{"href":"https:\/\/aj-sluzby.cz\/index.php?rest_route=\/wp\/v2\/types\/page"}],"author":[{"embeddable":true,"href":"https:\/\/aj-sluzby.cz\/index.php?rest_route=\/wp\/v2\/users\/1"}],"replies":[{"embeddable":true,"href":"https:\/\/aj-sluzby.cz\/index.php?rest_route=%2Fwp%2Fv2%2Fcomments&post=30"}],"version-history":[{"count":23,"href":"https:\/\/aj-sluzby.cz\/index.php?rest_route=\/wp\/v2\/pages\/30\/revisions"}],"predecessor-version":[{"id":1893,"href":"https:\/\/aj-sluzby.cz\/index.php?rest_route=\/wp\/v2\/pages\/30\/revisions\/1893"}],"wp:attachment":[{"href":"https:\/\/aj-sluzby.cz\/index.php?rest_route=%2Fwp%2Fv2%2Fmedia&parent=30"}],"curies":[{"name":"wp","href":"https:\/\/api.w.org\/{rel}","templated":true}]}}